{"id":1201,"date":"2025-10-06T10:32:50","date_gmt":"2025-10-06T13:32:50","guid":{"rendered":"https:\/\/new-website.wecann.academy\/?page_id=1201"},"modified":"2025-10-18T09:40:39","modified_gmt":"2025-10-18T12:40:39","slug":"about-us","status":"publish","type":"page","link":"https:\/\/wecann.academy\/en\/about-us\/","title":{"rendered":"WeCann"},"content":{"rendered":"\t\t<div data-elementor-type=\"wp-page\" data-elementor-id=\"1201\" class=\"elementor elementor-1201\" data-elementor-post-type=\"page\">\n\t\t\t\t<div class=\"elementor-element elementor-element-6bd6210 e-flex e-con-boxed e-con e-parent\" data-id=\"6bd6210\" data-element_type=\"container\" data-settings=\"{&quot;background_background&quot;:&quot;classic&quot;}\">\n\t\t\t\t\t<div class=\"e-con-inner\">\n\t\t<div class=\"elementor-element elementor-element-0563459 e-con-full e-flex e-con e-child\" data-id=\"0563459\" data-element_type=\"container\">\n\t\t\t\t<div class=\"elementor-element elementor-element-8a53003 elementor-widget elementor-widget-heading\" data-id=\"8a53003\" data-element_type=\"widget\" data-widget_type=\"heading.default\">\n\t\t\t\t\t<h1 class=\"elementor-heading-title elementor-size-default\">We are a global study community in Endocannabinoid Medicine<\/h1>\t\t\t\t<\/div>\n\t\t\t\t<\/div>\n\t\t\t\t\t<\/div>\n\t\t\t\t<\/div>\n\t\t<div class=\"elementor-element elementor-element-b12e984 e-flex e-con-boxed e-con e-parent\" data-id=\"b12e984\" data-element_type=\"container\" data-settings=\"{&quot;background_background&quot;:&quot;classic&quot;}\">\n\t\t\t\t\t<div class=\"e-con-inner\">\n\t\t<div class=\"elementor-element elementor-element-c79666e e-con-full e-flex e-con e-child\" data-id=\"c79666e\" data-element_type=\"container\">\n\t\t\t\t<div class=\"elementor-element elementor-element-80818de elementor-widget elementor-widget-heading\" data-id=\"80818de\" data-element_type=\"widget\" data-widget_type=\"heading.default\">\n\t\t\t\t\t<h2 class=\"elementor-heading-title elementor-size-default\">About WeCann Academy<\/h2>\t\t\t\t<\/div>\n\t\t\t\t<div class=\"elementor-element elementor-element-1a9c73b elementor-widget elementor-widget-text-editor\" data-id=\"1a9c73b\" data-element_type=\"widget\" data-widget_type=\"text-editor.default\">\n\t\t\t\t\t\t\t\t\t<p>WeCann Academy is an international community and a training and education center in Endocannabinoid Medicine, bringing together nationally and internationally renowned experts, combining highly qualified scientific knowledge and practical experience.<\/p>\n<p>Our purpose is to build an active community through the exchange of experiences that promote new possibilities in Medicine.<\/p>\n<p>Our online events have already reached more than 40,000 physicians from 62 countries. In October 2023 and November 2024, we held the world&#8217;s largest Endocannabinoid Medicine conference, the WeCann Summit, in Campinas, S\u00e3o Paulo, attended by more than 2,500 physicians from over 60 specialties and areas of expertise.<\/p>\n<p>We believe in safe, effective, and accessible treatments based on the Endocannabinoid System, which aim to minimize the suffering of patients with chronic and debilitating diseases and promote well-being on a large scale.<\/p>\t\t\t\t\t\t\t\t<\/div>\n\t\t\t\t<\/div>\n\t\t\t\t\t<\/div>\n\t\t\t\t<\/div>\n\t\t<div class=\"elementor-element elementor-element-5b13255 e-con-full e-flex e-con e-parent\" data-id=\"5b13255\" data-element_type=\"container\">\n\t\t\t\t<div class=\"elementor-element elementor-element-df512ad elementor-widget elementor-widget-video\" data-id=\"df512ad\" data-element_type=\"widget\" data-settings=\"{&quot;youtube_url&quot;:&quot;https:\\\/\\\/youtu.be\\\/8ujE54ifW_Y&quot;,&quot;show_image_overlay&quot;:&quot;yes&quot;,&quot;image_overlay&quot;:{&quot;url&quot;:&quot;https:\\\/\\\/new-website.wecann.academy\\\/en\\\/wp-content\\\/uploads\\\/2025\\\/09\\\/bg-video.png&quot;,&quot;id&quot;:317,&quot;size&quot;:&quot;&quot;,&quot;alt&quot;:&quot;&quot;,&quot;source&quot;:&quot;library&quot;},&quot;lightbox&quot;:&quot;yes&quot;,&quot;video_type&quot;:&quot;youtube&quot;,&quot;controls&quot;:&quot;yes&quot;}\" data-widget_type=\"video.default\">\n\t\t\t\t\t\t\t<div class=\"elementor-wrapper elementor-open-lightbox\">\n\t\t\t\t\t\t\t<div class=\"elementor-custom-embed-image-overlay\" data-elementor-open-lightbox=\"yes\" data-elementor-lightbox=\"{&quot;type&quot;:&quot;video&quot;,&quot;videoType&quot;:&quot;youtube&quot;,&quot;url&quot;:&quot;https:\\\/\\\/www.youtube.com\\\/embed\\\/8ujE54ifW_Y?feature=oembed&amp;start&amp;end&amp;wmode=opaque&amp;loop=0&amp;controls=1&amp;mute=0&amp;rel=0&amp;cc_load_policy=0&quot;,&quot;autoplay&quot;:&quot;&quot;,&quot;modalOptions&quot;:{&quot;id&quot;:&quot;elementor-lightbox-df512ad&quot;,&quot;entranceAnimation&quot;:&quot;&quot;,&quot;entranceAnimation_tablet&quot;:&quot;&quot;,&quot;entranceAnimation_mobile&quot;:&quot;&quot;,&quot;videoAspectRatio&quot;:&quot;169&quot;}}\" data-e-action-hash=\"#elementor-action%3Aaction%3Dlightbox%26settings%3DeyJ0eXBlIjoidmlkZW8iLCJ2aWRlb1R5cGUiOiJ5b3V0dWJlIiwidXJsIjoiaHR0cHM6XC9cL3d3dy55b3V0dWJlLmNvbVwvZW1iZWRcLzh1akU1NGlmV19ZP2ZlYXR1cmU9b2VtYmVkJnN0YXJ0JmVuZCZ3bW9kZT1vcGFxdWUmbG9vcD0wJmNvbnRyb2xzPTEmbXV0ZT0wJnJlbD0wJmNjX2xvYWRfcG9saWN5PTAiLCJhdXRvcGxheSI6IiIsIm1vZGFsT3B0aW9ucyI6eyJpZCI6ImVsZW1lbnRvci1saWdodGJveC1kZjUxMmFkIiwiZW50cmFuY2VBbmltYXRpb24iOiIiLCJlbnRyYW5jZUFuaW1hdGlvbl90YWJsZXQiOiIiLCJlbnRyYW5jZUFuaW1hdGlvbl9tb2JpbGUiOiIiLCJ2aWRlb0FzcGVjdFJhdGlvIjoiMTY5In19\">\n\t\t\t\t\t\t\t\t\t\t\t<img fetchpriority=\"high\" decoding=\"async\" width=\"1920\" height=\"437\" src=\"https:\/\/wecann.academy\/en\/wp-content\/uploads\/2025\/09\/bg-video.png\" class=\"attachment-full size-full wp-image-317\" alt=\"\" srcset=\"https:\/\/wecann.academy\/en\/wp-content\/uploads\/2025\/09\/bg-video.png 1920w, https:\/\/wecann.academy\/en\/wp-content\/uploads\/2025\/09\/bg-video-300x68.png 300w, https:\/\/wecann.academy\/en\/wp-content\/uploads\/2025\/09\/bg-video-1024x233.png 1024w, https:\/\/wecann.academy\/en\/wp-content\/uploads\/2025\/09\/bg-video-768x175.png 768w, https:\/\/wecann.academy\/en\/wp-content\/uploads\/2025\/09\/bg-video-1536x350.png 1536w\" sizes=\"(max-width: 1920px) 100vw, 1920px\" title=\"\">\t\t\t\t\t\t\t\t\t\t\t\t\t\t\t\t<div class=\"elementor-custom-embed-play\" role=\"button\" aria-label=\"Reproduzir v\u00eddeo\" tabindex=\"0\">\n\t\t\t\t\t\t\t<svg xmlns=\"http:\/\/www.w3.org\/2000\/svg\" width=\"46\" height=\"53\" viewBox=\"0 0 46 53\" fill=\"none\"><path d=\"M46 26.5L0.250001 52.9138L0.250004 0.0862235L46 26.5Z\" fill=\"white\"><\/path><\/svg>\t\t\t\t\t\t<\/div>\n\t\t\t\t\t\t\t\t\t<\/div>\n\t\t\t\t\t<\/div>\n\t\t\t\t\t\t<\/div>\n\t\t\t\t<\/div>\n\t\t<div class=\"elementor-element elementor-element-46a1142 e-flex e-con-boxed e-con e-parent\" data-id=\"46a1142\" data-element_type=\"container\">\n\t\t\t\t\t<div class=\"e-con-inner\">\n\t\t\t\t<div class=\"elementor-element elementor-element-0e7b598 elementor-widget elementor-widget-heading\" data-id=\"0e7b598\" data-element_type=\"widget\" data-widget_type=\"heading.default\">\n\t\t\t\t\t<h2 class=\"elementor-heading-title elementor-size-default\">Manifesto WeCann<\/h2>\t\t\t\t<\/div>\n\t\t\t\t\t<\/div>\n\t\t\t\t<\/div>\n\t\t<div class=\"elementor-element elementor-element-7acbb6c e-con-full e-flex e-con e-parent\" data-id=\"7acbb6c\" data-element_type=\"container\">\n\t\t\t\t<div class=\"elementor-element elementor-element-f451625 elementor-widget elementor-widget-shortcode\" data-id=\"f451625\" data-element_type=\"widget\" data-widget_type=\"shortcode.default\">\n\t\t\t\t\t\t\t<div class=\"elementor-shortcode\">\t\t<div data-elementor-type=\"section\" data-elementor-id=\"3012\" class=\"elementor elementor-3012\" data-elementor-post-type=\"elementor_library\">\n\t\t\t<div class=\"elementor-element elementor-element-70de264 e-flex e-con-boxed e-con e-parent\" data-id=\"70de264\" data-element_type=\"container\">\n\t\t\t\t\t<div class=\"e-con-inner\">\n\t\t<div class=\"elementor-element elementor-element-2b0e26d e-con-full e-flex e-con e-child\" data-id=\"2b0e26d\" data-element_type=\"container\">\n\t\t\t\t<div class=\"elementor-element elementor-element-a3b33df elementor-widget elementor-widget-menu-anchor\" data-id=\"a3b33df\" data-element_type=\"widget\" data-widget_type=\"menu-anchor.default\">\n\t\t\t\t\t\t\t<div class=\"elementor-menu-anchor\" id=\"news\"><\/div>\n\t\t\t\t\t\t<\/div>\n\t\t\t\t<div class=\"elementor-element elementor-element-fcc64ce elementor-widget elementor-widget-heading\" data-id=\"fcc64ce\" data-element_type=\"widget\" data-widget_type=\"heading.default\">\n\t\t\t\t\t<h2 class=\"elementor-heading-title elementor-size-default\">WeCann News<\/h2>\t\t\t\t<\/div>\n\t\t\t\t<div class=\"elementor-element elementor-element-f6c4335 elementor-widget elementor-widget-heading\" data-id=\"f6c4335\" data-element_type=\"widget\" data-widget_type=\"heading.default\">\n\t\t\t\t\t<p class=\"elementor-heading-title elementor-size-default\">Weekly updates with clinical insights, evidence-based protocols, relevant scientific updates, and expert discussions.<\/p>\t\t\t\t<\/div>\n\t\t\t\t<\/div>\n\t\t<div class=\"elementor-element elementor-element-a653a35 e-con-full e-flex e-con e-child\" data-id=\"a653a35\" data-element_type=\"container\">\n\t\t\t\t<div class=\"elementor-element elementor-element-6854627 elementor-button-align-stretch elementor-widget elementor-widget-form\" data-id=\"6854627\" data-element_type=\"widget\" data-settings=\"{&quot;button_width&quot;:&quot;50&quot;,&quot;step_next_label&quot;:&quot;Next&quot;,&quot;step_previous_label&quot;:&quot;Previous&quot;,&quot;step_type&quot;:&quot;number_text&quot;,&quot;step_icon_shape&quot;:&quot;circle&quot;}\" data-widget_type=\"form.default\">\n\t\t\t\t\t\t\t<form class=\"elementor-form\" method=\"post\" name=\"aplicacao\" aria-label=\"aplicacao\">\n\t\t\t<input type=\"hidden\" name=\"post_id\" value=\"3012\"\/>\n\t\t\t<input type=\"hidden\" name=\"form_id\" value=\"6854627\"\/>\n\t\t\t<input type=\"hidden\" name=\"referer_title\" value=\"Medical cannabis and chronic pain: the use of the plant to reduce symptoms - WeCann Academy\" \/>\n\n\t\t\t\t\t\t\t<input type=\"hidden\" name=\"queried_id\" value=\"1529\"\/>\n\t\t\t\n\t\t\t<div class=\"elementor-form-fields-wrapper elementor-labels-above\">\n\t\t\t\t\t\t\t\t<div class=\"elementor-field-type-text elementor-field-group elementor-column elementor-field-group-name elementor-col-100\">\n\t\t\t\t\t\t\t\t\t\t\t\t<label for=\"form-field-name\" class=\"elementor-field-label\">\n\t\t\t\t\t\t\t\tName\t\t\t\t\t\t\t<\/label>\n\t\t\t\t\t\t\t\t\t\t\t\t\t\t<input size=\"1\" type=\"text\" name=\"form_fields[name]\" id=\"form-field-name\" class=\"elementor-field elementor-size-sm  elementor-field-textual\">\n\t\t\t\t\t\t\t\t\t\t\t<\/div>\n\t\t\t\t\t\t\t\t<div class=\"elementor-field-type-email elementor-field-group elementor-column elementor-field-group-email elementor-col-100 elementor-field-required\">\n\t\t\t\t\t\t\t\t\t\t\t\t<label for=\"form-field-email\" class=\"elementor-field-label\">\n\t\t\t\t\t\t\t\tEmail\t\t\t\t\t\t\t<\/label>\n\t\t\t\t\t\t\t\t\t\t\t\t\t\t<input size=\"1\" type=\"email\" name=\"form_fields[email]\" id=\"form-field-email\" class=\"elementor-field elementor-size-sm  elementor-field-textual\" required=\"required\">\n\t\t\t\t\t\t\t\t\t\t\t<\/div>\n\t\t\t\t\t\t\t\t<div class=\"elementor-field-type-html elementor-field-group elementor-column elementor-field-group-field_e358821 elementor-col-50\">\n\t\t\t\t\t<p class=\"acceptance-form\">By clicking you agree to the terms of use\nand <a href=\"\/en\/privacy-policy\">privacy policy<\/a><\/p>\t\t\t\t<\/div>\n\t\t\t\t\t\t\t\t<div class=\"elementor-field-group elementor-column elementor-field-type-submit elementor-col-50 e-form__buttons\">\n\t\t\t\t\t<button class=\"elementor-button elementor-size-sm\" type=\"submit\">\n\t\t\t\t\t\t<span class=\"elementor-button-content-wrapper\">\n\t\t\t\t\t\t\t\t\t\t\t\t\t\t\t\t\t\t\t\t\t\t<span class=\"elementor-button-text\">Subscribe<\/span>\n\t\t\t\t\t\t\t\t\t\t\t\t\t<\/span>\n\t\t\t\t\t<\/button>\n\t\t\t\t<\/div>\n\t\t\t<\/div>\n\t\t<\/form>\n\t\t\t\t\t\t<\/div>\n\t\t\t\t<\/div>\n\t\t\t\t\t<\/div>\n\t\t\t\t<\/div>\n\t\t\t\t<\/div>\n\t\t<\/div>\n\t\t\t\t\t\t<\/div>\n\t\t\t\t<\/div>\n\t\t<div class=\"elementor-element elementor-element-1091832 e-flex e-con-boxed e-con e-parent\" data-id=\"1091832\" data-element_type=\"container\" data-settings=\"{&quot;background_background&quot;:&quot;classic&quot;}\">\n\t\t\t\t\t<div class=\"e-con-inner\">\n\t\t<div class=\"elementor-element elementor-element-b07127a e-con-full e-flex e-con e-child\" data-id=\"b07127a\" data-element_type=\"container\">\n\t\t<div class=\"elementor-element elementor-element-48a809d e-con-full e-flex e-con e-child\" data-id=\"48a809d\" data-element_type=\"container\" data-settings=\"{&quot;background_background&quot;:&quot;classic&quot;}\">\n\t\t\t\t<\/div>\n\t\t<div class=\"elementor-element elementor-element-7e249d0 e-con-full e-flex e-con e-child\" data-id=\"7e249d0\" data-element_type=\"container\" data-settings=\"{&quot;background_background&quot;:&quot;classic&quot;}\">\n\t\t\t\t<div class=\"elementor-element elementor-element-b196cf0 elementor-widget elementor-widget-heading\" data-id=\"b196cf0\" data-element_type=\"widget\" data-widget_type=\"heading.default\">\n\t\t\t\t\t<h2 class=\"elementor-heading-title elementor-size-default\">Mapa de Evid\u00eancias da Cannabis Medicinal<\/h2>\t\t\t\t<\/div>\n\t\t\t\t<div class=\"elementor-element elementor-element-d0dede3 elementor-widget elementor-widget-heading\" data-id=\"d0dede3\" data-element_type=\"widget\" data-widget_type=\"heading.default\">\n\t\t\t\t\t<p class=\"elementor-heading-title elementor-size-default\">194 estudos rigorosamente analisados revelam efic\u00e1cia comprovada em 20 quadros cl\u00ednicos.<\/p>\t\t\t\t<\/div>\n\t\t\t\t<div class=\"elementor-element elementor-element-eafa791 elementor-widget elementor-widget-heading\" data-id=\"eafa791\" data-element_type=\"widget\" data-widget_type=\"heading.default\">\n\t\t\t\t\t<p class=\"elementor-heading-title elementor-size-default\">Saiba mais \u00bb<\/p>\t\t\t\t<\/div>\n\t\t\t\t<\/div>\n\t\t\t\t<\/div>\n\t\t<div class=\"elementor-element elementor-element-3fc1060 e-con-full e-flex e-con e-child\" data-id=\"3fc1060\" data-element_type=\"container\">\n\t\t<div class=\"elementor-element elementor-element-f6d9724 e-con-full e-flex e-con e-child\" data-id=\"f6d9724\" data-element_type=\"container\" data-settings=\"{&quot;background_background&quot;:&quot;classic&quot;}\">\n\t\t\t\t<\/div>\n\t\t<div class=\"elementor-element elementor-element-c44c1a1 e-con-full e-flex e-con e-child\" data-id=\"c44c1a1\" data-element_type=\"container\" data-settings=\"{&quot;background_background&quot;:&quot;classic&quot;}\">\n\t\t\t\t<div class=\"elementor-element elementor-element-4fb196f elementor-widget elementor-widget-heading\" data-id=\"4fb196f\" data-element_type=\"widget\" data-widget_type=\"heading.default\">\n\t\t\t\t\t<h2 class=\"elementor-heading-title elementor-size-default\">Guia para Iniciantes: \u201cComo escolher produtos \u00e0 base de cannabis qualificados\u201d<\/h2>\t\t\t\t<\/div>\n\t\t\t\t<div class=\"elementor-element elementor-element-4241559 elementor-widget elementor-widget-heading\" data-id=\"4241559\" data-element_type=\"widget\" data-widget_type=\"heading.default\">\n\t\t\t\t\t<p class=\"elementor-heading-title elementor-size-default\">O essencial para tomar decis\u00f5es seguras e embasadas na hora de prescrever derivados canabinoides.<\/p>\t\t\t\t<\/div>\n\t\t\t\t<div class=\"elementor-element elementor-element-0d65740 elementor-widget elementor-widget-heading\" data-id=\"0d65740\" data-element_type=\"widget\" data-widget_type=\"heading.default\">\n\t\t\t\t\t<p class=\"elementor-heading-title elementor-size-default\">Saiba mais \u00bb<\/p>\t\t\t\t<\/div>\n\t\t\t\t<\/div>\n\t\t\t\t<\/div>\n\t\t<div class=\"elementor-element elementor-element-e08ec55 e-con-full e-flex e-con e-child\" data-id=\"e08ec55\" data-element_type=\"container\">\n\t\t<div class=\"elementor-element elementor-element-6848090 e-con-full e-flex e-con e-child\" data-id=\"6848090\" data-element_type=\"container\" data-settings=\"{&quot;background_background&quot;:&quot;classic&quot;}\">\n\t\t\t\t<\/div>\n\t\t<div class=\"elementor-element elementor-element-44034f9 e-con-full e-flex e-con e-child\" data-id=\"44034f9\" data-element_type=\"container\" data-settings=\"{&quot;background_background&quot;:&quot;classic&quot;}\">\n\t\t\t\t<div class=\"elementor-element elementor-element-dc6899e elementor-widget elementor-widget-heading\" data-id=\"dc6899e\" data-element_type=\"widget\" data-widget_type=\"heading.default\">\n\t\t\t\t\t<h2 class=\"elementor-heading-title elementor-size-default\">Aula gratuita: \u201cO Sistema Endocanabinoide: O que Todo M\u00e9dico Precisa Conhecer sobre \u2028O Maestro do Corpo\u201d<\/h2>\t\t\t\t<\/div>\n\t\t\t\t<div class=\"elementor-element elementor-element-b0b0ada elementor-widget elementor-widget-heading\" data-id=\"b0b0ada\" data-element_type=\"widget\" data-widget_type=\"heading.default\">\n\t\t\t\t\t<p class=\"elementor-heading-title elementor-size-default\">A modula\u00e7\u00e3o do sistema endocanabinoide ser\u00e1 a t\u00f4nica da Medicina do futuro.<\/p>\t\t\t\t<\/div>\n\t\t\t\t<div class=\"elementor-element elementor-element-3c9ad3c elementor-widget elementor-widget-heading\" data-id=\"3c9ad3c\" data-element_type=\"widget\" data-widget_type=\"heading.default\">\n\t\t\t\t\t<p class=\"elementor-heading-title elementor-size-default\">Assista agora \u00bb<\/p>\t\t\t\t<\/div>\n\t\t\t\t<\/div>\n\t\t\t\t<\/div>\n\t\t\t\t\t<\/div>\n\t\t\t\t<\/div>\n\t\t\t\t<\/div>\n\t\t","protected":false},"excerpt":{"rendered":"<p>We are a global study community in Endocannabinoid Medicine About WeCann Academy WeCann Academy is an international community and a training and education center in Endocannabinoid Medicine, bringing together nationally and internationally renowned experts, combining highly qualified scientific knowledge and practical experience. Our purpose is to build an active community through the exchange of experiences [&hellip;]<\/p>\n","protected":false},"author":1,"featured_media":0,"parent":0,"menu_order":0,"comment_status":"closed","ping_status":"closed","template":"elementor_header_footer","meta":{"_acf_changed":false,"inline_featured_image":false,"footnotes":""},"class_list":["post-1201","page","type-page","status-publish","hentry"],"acf":[],"_links":{"self":[{"href":"https:\/\/wecann.academy\/en\/wp-json\/wp\/v2\/pages\/1201","targetHints":{"allow":["GET"]}}],"collection":[{"href":"https:\/\/wecann.academy\/en\/wp-json\/wp\/v2\/pages"}],"about":[{"href":"https:\/\/wecann.academy\/en\/wp-json\/wp\/v2\/types\/page"}],"author":[{"embeddable":true,"href":"https:\/\/wecann.academy\/en\/wp-json\/wp\/v2\/users\/1"}],"replies":[{"embeddable":true,"href":"https:\/\/wecann.academy\/en\/wp-json\/wp\/v2\/comments?post=1201"}],"version-history":[{"count":16,"href":"https:\/\/wecann.academy\/en\/wp-json\/wp\/v2\/pages\/1201\/revisions"}],"predecessor-version":[{"id":3057,"href":"https:\/\/wecann.academy\/en\/wp-json\/wp\/v2\/pages\/1201\/revisions\/3057"}],"wp:attachment":[{"href":"https:\/\/wecann.academy\/en\/wp-json\/wp\/v2\/media?parent=1201"}],"curies":[{"name":"wp","href":"https:\/\/api.w.org\/{rel}","templated":true}]}}